{"id":4377,"date":"2025-06-05T07:10:33","date_gmt":"2025-06-05T07:10:33","guid":{"rendered":"https:\/\/revito.pt\/?page_id=4377"},"modified":"2026-04-20T01:01:32","modified_gmt":"2026-04-20T01:01:32","slug":"a-propos-de-nous","status":"publish","type":"page","link":"https:\/\/revito.pt\/fr\/a-propos-de-nous\/","title":{"rendered":"\u00c0 propos de nous"},"content":{"rendered":"\n<div class=\"wp-block-columns is-layout-flex wp-container-core-columns-is-layout-9d6595d7 wp-block-columns-is-layout-flex\">\n<div class=\"wp-block-column is-layout-flow wp-block-column-is-layout-flow\">\n<p>N\u00e3o constru\u00edmos apenas propriedades, criamos espa\u00e7os pensados para a vida. A sua casa \u00e9 uma extens\u00e3o da sua identidade, um lugar onde cada detalhe conta e onde nascem mem\u00f3rias \u00fanicas.\u00a0<\/p>\n\n\n\n<p>Por isso, a nossa miss\u00e3o vai al\u00e9m de responder \u00e0s suas necessidades: queremos superar expectativas, com um servi\u00e7o de excel\u00eancia e im\u00f3veis excecionais, feitos \u00e0 medida do seu estilo de vida.<\/p>\n<\/div>\n\n\n\n<div class=\"wp-block-column is-layout-flow wp-block-column-is-layout-flow\">\n<p>Com vasta experi\u00eancia no mercado imobili\u00e1rio de luxo em Portugal, constru\u00edmos uma reputa\u00e7\u00e3o s\u00f3lida, assente na integridade, pragmatismo e precis\u00e3o.<\/p>\n\n\n\n<p>Cada projeto \u00e9 tratado com dedica\u00e7\u00e3o, desde do design arquitet\u00f3nico aos acabamentos premium, garantindo que todos os pormenores refletem a nossa exig\u00eancia pela excel\u00eancia.<\/p>\n<\/div>\n<\/div>\n","protected":false},"excerpt":{"rendered":"<p>N\u00e3o constru\u00edmos apenas propriedades, criamos espa\u00e7os pensados para a vida. A sua casa \u00e9 uma extens\u00e3o da sua identidade, um lugar onde cada detalhe conta e onde nascem mem\u00f3rias \u00fanicas.\u00a0 Por isso, a nossa miss\u00e3o vai al\u00e9m de responder \u00e0s suas necessidades: queremos superar expectativas, com um servi\u00e7o de excel\u00eancia e im\u00f3veis excecionais, feitos \u00e0 [&hellip;]<\/p>\n","protected":false},"author":1,"featured_media":3459,"parent":0,"menu_order":0,"comment_status":"closed","ping_status":"closed","template":"templates\/about.php","meta":{"inline_featured_image":false,"footnotes":""},"class_list":["post-4377","page","type-page","status-publish","has-post-thumbnail","hentry"],"yoast_head":"<!-- This site is optimized with the Yoast SEO plugin v27.3 - https:\/\/yoast.com\/product\/yoast-seo-wordpress\/ -->\n<title>\u00c0 propos de nous - Revito<\/title>\n<meta name=\"robots\" content=\"index, follow, max-snippet:-1, max-image-preview:large, max-video-preview:-1\" \/>\n<link rel=\"canonical\" href=\"https:\/\/revito.pt\/fr\/a-propos-de-nous\/\" \/>\n<meta property=\"og:locale\" content=\"fr_FR\" \/>\n<meta property=\"og:type\" content=\"article\" \/>\n<meta property=\"og:title\" content=\"\u00c0 propos de nous - Revito\" \/>\n<meta property=\"og:description\" content=\"N\u00e3o constru\u00edmos apenas propriedades, criamos espa\u00e7os pensados para a vida. A sua casa \u00e9 uma extens\u00e3o da sua identidade, um lugar onde cada detalhe conta e onde nascem mem\u00f3rias \u00fanicas.\u00a0 Por isso, a nossa miss\u00e3o vai al\u00e9m de responder \u00e0s suas necessidades: queremos superar expectativas, com um servi\u00e7o de excel\u00eancia e im\u00f3veis excecionais, feitos \u00e0 [&hellip;]\" \/>\n<meta property=\"og:url\" content=\"https:\/\/revito.pt\/fr\/a-propos-de-nous\/\" \/>\n<meta property=\"og:site_name\" content=\"Revito\" \/>\n<meta property=\"article:publisher\" content=\"https:\/\/web.facebook.com\/revitopt\/?_rdc=1&amp;_rdr#\" \/>\n<meta property=\"article:modified_time\" content=\"2026-04-20T01:01:32+00:00\" \/>\n<meta property=\"og:image\" content=\"https:\/\/revito.pt\/wp-content\/uploads\/2025\/04\/xx-1024x685.png\" \/>\n\t<meta property=\"og:image:width\" content=\"1024\" \/>\n\t<meta property=\"og:image:height\" content=\"685\" \/>\n\t<meta property=\"og:image:type\" content=\"image\/png\" \/>\n<meta name=\"twitter:card\" content=\"summary_large_image\" \/>\n<meta name=\"twitter:label1\" content=\"Dur\u00e9e de lecture estim\u00e9e\" \/>\n\t<meta name=\"twitter:data1\" content=\"1 minute\" \/>\n<script type=\"application\/ld+json\" class=\"yoast-schema-graph\">{\"@context\":\"https:\\\/\\\/schema.org\",\"@graph\":[{\"@type\":\"WebPage\",\"@id\":\"https:\\\/\\\/revito.pt\\\/fr\\\/a-propos-de-nous\\\/\",\"url\":\"https:\\\/\\\/revito.pt\\\/fr\\\/a-propos-de-nous\\\/\",\"name\":\"\u00c0 propos de nous - Revito\",\"isPartOf\":{\"@id\":\"https:\\\/\\\/revito.pt\\\/fr\\\/#website\"},\"primaryImageOfPage\":{\"@id\":\"https:\\\/\\\/revito.pt\\\/fr\\\/a-propos-de-nous\\\/#primaryimage\"},\"image\":{\"@id\":\"https:\\\/\\\/revito.pt\\\/fr\\\/a-propos-de-nous\\\/#primaryimage\"},\"thumbnailUrl\":\"https:\\\/\\\/revito.pt\\\/wp-content\\\/uploads\\\/2025\\\/04\\\/xx.png\",\"datePublished\":\"2025-06-05T07:10:33+00:00\",\"dateModified\":\"2026-04-20T01:01:32+00:00\",\"breadcrumb\":{\"@id\":\"https:\\\/\\\/revito.pt\\\/fr\\\/a-propos-de-nous\\\/#breadcrumb\"},\"inLanguage\":\"fr-FR\",\"potentialAction\":[{\"@type\":\"ReadAction\",\"target\":[\"https:\\\/\\\/revito.pt\\\/fr\\\/a-propos-de-nous\\\/\"]}]},{\"@type\":\"ImageObject\",\"inLanguage\":\"fr-FR\",\"@id\":\"https:\\\/\\\/revito.pt\\\/fr\\\/a-propos-de-nous\\\/#primaryimage\",\"url\":\"https:\\\/\\\/revito.pt\\\/wp-content\\\/uploads\\\/2025\\\/04\\\/xx.png\",\"contentUrl\":\"https:\\\/\\\/revito.pt\\\/wp-content\\\/uploads\\\/2025\\\/04\\\/xx.png\",\"width\":1920,\"height\":1284},{\"@type\":\"BreadcrumbList\",\"@id\":\"https:\\\/\\\/revito.pt\\\/fr\\\/a-propos-de-nous\\\/#breadcrumb\",\"itemListElement\":[{\"@type\":\"ListItem\",\"position\":1,\"name\":\"Home\",\"item\":\"https:\\\/\\\/revito.pt\\\/fr\\\/\"},{\"@type\":\"ListItem\",\"position\":2,\"name\":\"\u00c0 propos de nous\"}]},{\"@type\":\"WebSite\",\"@id\":\"https:\\\/\\\/revito.pt\\\/fr\\\/#website\",\"url\":\"https:\\\/\\\/revito.pt\\\/fr\\\/\",\"name\":\"Revito\",\"description\":\"Real Estate Vision for Tomorrow\",\"publisher\":{\"@id\":\"https:\\\/\\\/revito.pt\\\/fr\\\/#organization\"},\"alternateName\":\"Real Estate Vision for Tomorrow\",\"potentialAction\":[{\"@type\":\"SearchAction\",\"target\":{\"@type\":\"EntryPoint\",\"urlTemplate\":\"https:\\\/\\\/revito.pt\\\/fr\\\/?s={search_term_string}\"},\"query-input\":{\"@type\":\"PropertyValueSpecification\",\"valueRequired\":true,\"valueName\":\"search_term_string\"}}],\"inLanguage\":\"fr-FR\"},{\"@type\":\"Organization\",\"@id\":\"https:\\\/\\\/revito.pt\\\/fr\\\/#organization\",\"name\":\"Revito\",\"url\":\"https:\\\/\\\/revito.pt\\\/fr\\\/\",\"logo\":{\"@type\":\"ImageObject\",\"inLanguage\":\"fr-FR\",\"@id\":\"https:\\\/\\\/revito.pt\\\/fr\\\/#\\\/schema\\\/logo\\\/image\\\/\",\"url\":\"https:\\\/\\\/revito.pt\\\/wp-content\\\/uploads\\\/2025\\\/02\\\/logo_1.svg\",\"contentUrl\":\"https:\\\/\\\/revito.pt\\\/wp-content\\\/uploads\\\/2025\\\/02\\\/logo_1.svg\",\"width\":1,\"height\":1,\"caption\":\"Revito\"},\"image\":{\"@id\":\"https:\\\/\\\/revito.pt\\\/fr\\\/#\\\/schema\\\/logo\\\/image\\\/\"},\"sameAs\":[\"https:\\\/\\\/web.facebook.com\\\/revitopt\\\/?_rdc=1&_rdr#\",\"https:\\\/\\\/www.linkedin.com\\\/company\\\/revitopt\\\/?originalSubdomain=pt\",\"https:\\\/\\\/www.youtube.com\\\/channel\\\/UCvv9torqLbSMOJ76QDRo4ZQ\\\/featured\"]}]}<\/script>\n<!-- \/ Yoast SEO plugin. -->","yoast_head_json":{"title":"\u00c0 propos de nous - Revito","robots":{"index":"index","follow":"follow","max-snippet":"max-snippet:-1","max-image-preview":"max-image-preview:large","max-video-preview":"max-video-preview:-1"},"canonical":"https:\/\/revito.pt\/fr\/a-propos-de-nous\/","og_locale":"fr_FR","og_type":"article","og_title":"\u00c0 propos de nous - Revito","og_description":"N\u00e3o constru\u00edmos apenas propriedades, criamos espa\u00e7os pensados para a vida. A sua casa \u00e9 uma extens\u00e3o da sua identidade, um lugar onde cada detalhe conta e onde nascem mem\u00f3rias \u00fanicas.\u00a0 Por isso, a nossa miss\u00e3o vai al\u00e9m de responder \u00e0s suas necessidades: queremos superar expectativas, com um servi\u00e7o de excel\u00eancia e im\u00f3veis excecionais, feitos \u00e0 [&hellip;]","og_url":"https:\/\/revito.pt\/fr\/a-propos-de-nous\/","og_site_name":"Revito","article_publisher":"https:\/\/web.facebook.com\/revitopt\/?_rdc=1&_rdr#","article_modified_time":"2026-04-20T01:01:32+00:00","og_image":[{"width":1024,"height":685,"url":"https:\/\/revito.pt\/wp-content\/uploads\/2025\/04\/xx-1024x685.png","type":"image\/png"}],"twitter_card":"summary_large_image","twitter_misc":{"Dur\u00e9e de lecture estim\u00e9e":"1 minute"},"schema":{"@context":"https:\/\/schema.org","@graph":[{"@type":"WebPage","@id":"https:\/\/revito.pt\/fr\/a-propos-de-nous\/","url":"https:\/\/revito.pt\/fr\/a-propos-de-nous\/","name":"\u00c0 propos de nous - Revito","isPartOf":{"@id":"https:\/\/revito.pt\/fr\/#website"},"primaryImageOfPage":{"@id":"https:\/\/revito.pt\/fr\/a-propos-de-nous\/#primaryimage"},"image":{"@id":"https:\/\/revito.pt\/fr\/a-propos-de-nous\/#primaryimage"},"thumbnailUrl":"https:\/\/revito.pt\/wp-content\/uploads\/2025\/04\/xx.png","datePublished":"2025-06-05T07:10:33+00:00","dateModified":"2026-04-20T01:01:32+00:00","breadcrumb":{"@id":"https:\/\/revito.pt\/fr\/a-propos-de-nous\/#breadcrumb"},"inLanguage":"fr-FR","potentialAction":[{"@type":"ReadAction","target":["https:\/\/revito.pt\/fr\/a-propos-de-nous\/"]}]},{"@type":"ImageObject","inLanguage":"fr-FR","@id":"https:\/\/revito.pt\/fr\/a-propos-de-nous\/#primaryimage","url":"https:\/\/revito.pt\/wp-content\/uploads\/2025\/04\/xx.png","contentUrl":"https:\/\/revito.pt\/wp-content\/uploads\/2025\/04\/xx.png","width":1920,"height":1284},{"@type":"BreadcrumbList","@id":"https:\/\/revito.pt\/fr\/a-propos-de-nous\/#breadcrumb","itemListElement":[{"@type":"ListItem","position":1,"name":"Home","item":"https:\/\/revito.pt\/fr\/"},{"@type":"ListItem","position":2,"name":"\u00c0 propos de nous"}]},{"@type":"WebSite","@id":"https:\/\/revito.pt\/fr\/#website","url":"https:\/\/revito.pt\/fr\/","name":"Revito","description":"Real Estate Vision for Tomorrow","publisher":{"@id":"https:\/\/revito.pt\/fr\/#organization"},"alternateName":"Real Estate Vision for Tomorrow","potentialAction":[{"@type":"SearchAction","target":{"@type":"EntryPoint","urlTemplate":"https:\/\/revito.pt\/fr\/?s={search_term_string}"},"query-input":{"@type":"PropertyValueSpecification","valueRequired":true,"valueName":"search_term_string"}}],"inLanguage":"fr-FR"},{"@type":"Organization","@id":"https:\/\/revito.pt\/fr\/#organization","name":"Revito","url":"https:\/\/revito.pt\/fr\/","logo":{"@type":"ImageObject","inLanguage":"fr-FR","@id":"https:\/\/revito.pt\/fr\/#\/schema\/logo\/image\/","url":"https:\/\/revito.pt\/wp-content\/uploads\/2025\/02\/logo_1.svg","contentUrl":"https:\/\/revito.pt\/wp-content\/uploads\/2025\/02\/logo_1.svg","width":1,"height":1,"caption":"Revito"},"image":{"@id":"https:\/\/revito.pt\/fr\/#\/schema\/logo\/image\/"},"sameAs":["https:\/\/web.facebook.com\/revitopt\/?_rdc=1&_rdr#","https:\/\/www.linkedin.com\/company\/revitopt\/?originalSubdomain=pt","https:\/\/www.youtube.com\/channel\/UCvv9torqLbSMOJ76QDRo4ZQ\/featured"]}]}},"_links":{"self":[{"href":"https:\/\/revito.pt\/fr\/wp-json\/wp\/v2\/pages\/4377","targetHints":{"allow":["GET"]}}],"collection":[{"href":"https:\/\/revito.pt\/fr\/wp-json\/wp\/v2\/pages"}],"about":[{"href":"https:\/\/revito.pt\/fr\/wp-json\/wp\/v2\/types\/page"}],"author":[{"embeddable":true,"href":"https:\/\/revito.pt\/fr\/wp-json\/wp\/v2\/users\/1"}],"replies":[{"embeddable":true,"href":"https:\/\/revito.pt\/fr\/wp-json\/wp\/v2\/comments?post=4377"}],"version-history":[{"count":50,"href":"https:\/\/revito.pt\/fr\/wp-json\/wp\/v2\/pages\/4377\/revisions"}],"predecessor-version":[{"id":6139,"href":"https:\/\/revito.pt\/fr\/wp-json\/wp\/v2\/pages\/4377\/revisions\/6139"}],"wp:featuredmedia":[{"embeddable":true,"href":"https:\/\/revito.pt\/fr\/wp-json\/wp\/v2\/media\/3459"}],"wp:attachment":[{"href":"https:\/\/revito.pt\/fr\/wp-json\/wp\/v2\/media?parent=4377"}],"curies":[{"name":"wp","href":"https:\/\/api.w.org\/{rel}","templated":true}]}}